{"id":31,"date":"2025-09-25T18:29:37","date_gmt":"2025-09-25T18:29:37","guid":{"rendered":"https:\/\/10stegmotaterhamtning.carolinajohansson.se\/?page_id=31"},"modified":"2025-09-30T14:28:13","modified_gmt":"2025-09-30T14:28:13","slug":"elementor-31","status":"publish","type":"page","link":"https:\/\/10stegmotaterhamtning.carolinajohansson.se\/","title":{"rendered":"Elementor #31"},"content":{"rendered":"\t\t<div data-elementor-type=\"wp-page\" data-elementor-id=\"31\" class=\"elementor elementor-31\" data-elementor-post-type=\"page\">\n\t\t\t\t<div class=\"elementor-element elementor-element-7de3367 e-flex e-con-boxed e-con e-parent\" data-id=\"7de3367\" data-element_type=\"container\">\n\t\t\t\t\t<div class=\"e-con-inner\">\n\t\t\t\t<div class=\"elementor-element elementor-element-2950ed5 elementor-widget elementor-widget-image\" data-id=\"2950ed5\" data-element_type=\"widget\" data-widget_type=\"image.default\">\n\t\t\t\t\t\t\t\t\t\t\t\t\t\t\t<img fetchpriority=\"high\" decoding=\"async\" width=\"683\" height=\"744\" src=\"https:\/\/10stegmotaterhamtning.carolinajohansson.se\/wp-content\/uploads\/2025\/09\/CJ__CJ_LOGO_SKOLD_FAGEL_GREEN-e1650750890139.webp\" class=\"attachment-full size-full wp-image-13\" alt=\"\" srcset=\"https:\/\/10stegmotaterhamtning.carolinajohansson.se\/wp-content\/uploads\/2025\/09\/CJ__CJ_LOGO_SKOLD_FAGEL_GREEN-e1650750890139.webp 683w, https:\/\/10stegmotaterhamtning.carolinajohansson.se\/wp-content\/uploads\/2025\/09\/CJ__CJ_LOGO_SKOLD_FAGEL_GREEN-e1650750890139-275x300.webp 275w\" sizes=\"(max-width: 683px) 100vw, 683px\" \/>\t\t\t\t\t\t\t\t\t\t\t\t\t\t\t<\/div>\n\t\t\t\t\t<\/div>\n\t\t\t\t<\/div>\n\t\t<div class=\"elementor-element elementor-element-1077642 e-con-full e-flex e-con e-parent\" data-id=\"1077642\" data-element_type=\"container\" data-settings=\"{&quot;background_background&quot;:&quot;classic&quot;}\">\n\t\t<div class=\"elementor-element elementor-element-a713ed5 e-con-full e-flex e-con e-child\" data-id=\"a713ed5\" data-element_type=\"container\">\n\t\t<div class=\"elementor-element elementor-element-704fb99 e-con-full e-flex e-con e-child\" data-id=\"704fb99\" data-element_type=\"container\" data-settings=\"{&quot;background_background&quot;:&quot;classic&quot;}\">\n\t\t\t\t<div class=\"elementor-element elementor-element-ad78e3e elementor-widget elementor-widget-heading\" data-id=\"ad78e3e\" data-element_type=\"widget\" data-widget_type=\"heading.default\">\n\t\t\t\t\t<h2 class=\"elementor-heading-title elementor-size-default\"><b>10 steg mot \u00e5terh\u00e4mtning<\/b><\/h2>\t\t\t\t<\/div>\n\t\t\t\t<div class=\"elementor-element elementor-element-12faca7 elementor-widget elementor-widget-text-editor\" data-id=\"12faca7\" data-element_type=\"widget\" data-widget_type=\"text-editor.default\">\n\t\t\t\t\t\t\t\t\t<p>En gratis e-bok med enkla steg att b\u00f6rja implementera redan nu<\/p>\t\t\t\t\t\t\t\t<\/div>\n\t\t\t\t<div class=\"elementor-element elementor-element-f888226 elementor-widget__width-initial elementor-button-align-stretch elementor-widget elementor-widget-form\" data-id=\"f888226\" data-element_type=\"widget\" data-settings=\"{&quot;step_next_label&quot;:&quot;Next&quot;,&quot;step_previous_label&quot;:&quot;Previous&quot;,&quot;button_width&quot;:&quot;100&quot;,&quot;step_type&quot;:&quot;number_text&quot;,&quot;step_icon_shape&quot;:&quot;circle&quot;}\" data-widget_type=\"form.default\">\n\t\t\t\t\t\t\t<form class=\"elementor-form\" method=\"post\" name=\"New Form\" aria-label=\"New Form\">\n\t\t\t<input type=\"hidden\" name=\"post_id\" value=\"31\"\/>\n\t\t\t<input type=\"hidden\" name=\"form_id\" value=\"f888226\"\/>\n\t\t\t<input type=\"hidden\" name=\"referer_title\" value=\"\" \/>\n\n\t\t\t\t\t\t\t<input type=\"hidden\" name=\"queried_id\" value=\"31\"\/>\n\t\t\t\n\t\t\t<div class=\"elementor-form-fields-wrapper elementor-labels-\">\n\t\t\t\t\t\t\t\t<div class=\"elementor-field-type-text elementor-field-group elementor-column elementor-field-group-name elementor-col-100\">\n\t\t\t\t\t\t\t\t\t\t\t\t<label for=\"form-field-name\" class=\"elementor-field-label elementor-screen-only\">\n\t\t\t\t\t\t\t\tName\t\t\t\t\t\t\t<\/label>\n\t\t\t\t\t\t\t\t\t\t\t\t\t\t<input size=\"1\" type=\"text\" name=\"form_fields[name]\" id=\"form-field-name\" class=\"elementor-field elementor-size-sm  elementor-field-textual\" placeholder=\"Name\">\n\t\t\t\t\t\t\t\t\t\t\t<\/div>\n\t\t\t\t\t\t\t\t<div class=\"elementor-field-type-email elementor-field-group elementor-column elementor-field-group-email elementor-col-100 elementor-field-required\">\n\t\t\t\t\t\t\t\t\t\t\t\t<label for=\"form-field-email\" class=\"elementor-field-label elementor-screen-only\">\n\t\t\t\t\t\t\t\tEmail\t\t\t\t\t\t\t<\/label>\n\t\t\t\t\t\t\t\t\t\t\t\t\t\t<input size=\"1\" type=\"email\" name=\"form_fields[email]\" id=\"form-field-email\" class=\"elementor-field elementor-size-sm  elementor-field-textual\" placeholder=\"Email\" required=\"required\">\n\t\t\t\t\t\t\t\t\t\t\t<\/div>\n\t\t\t\t\t\t\t\t<div class=\"elementor-field-type-acceptance elementor-field-group elementor-column elementor-field-group-field_f575b28 elementor-col-100 elementor-field-required\">\n\t\t\t\t\t\t\t<div class=\"elementor-field-subgroup\">\n\t\t\t<span class=\"elementor-field-option\">\n\t\t\t\t<input type=\"checkbox\" name=\"form_fields[field_f575b28]\" id=\"form-field-field_f575b28\" class=\"elementor-field elementor-size-sm  elementor-acceptance-field\" required=\"required\">\n\t\t\t\t<label for=\"form-field-field_f575b28\">Jag godk\u00e4nner <a href=\"https:\/\/carolinajohansson.se\/integritetspolicy\/\" style=\"text-decoration: underline;\">integritetspolicyn<\/a> och ger mitt samtycke till att ta emot nyhetesbrev och information fr\u00e5n carolinajohansson.se<\/label>\t\t\t<\/span>\n\t\t<\/div>\n\t\t\t\t\t\t<\/div>\n\t\t\t\t\t\t\t\t<div class=\"elementor-field-group elementor-column elementor-field-type-submit elementor-col-100 e-form__buttons\">\n\t\t\t\t\t<button class=\"elementor-button elementor-size-sm\" type=\"submit\">\n\t\t\t\t\t\t<span class=\"elementor-button-content-wrapper\">\n\t\t\t\t\t\t\t\t\t\t\t\t\t\t\t\t\t\t\t\t\t\t<span class=\"elementor-button-text\">Ladda ner<\/span>\n\t\t\t\t\t\t\t\t\t\t\t\t\t<\/span>\n\t\t\t\t\t<\/button>\n\t\t\t\t<\/div>\n\t\t\t<\/div>\n\t\t<\/form>\n\t\t\t\t\t\t<\/div>\n\t\t\t\t<\/div>\n\t\t\t\t<\/div>\n\t\t<div class=\"elementor-element elementor-element-1e960a6 e-con-full e-flex e-con e-child\" data-id=\"1e960a6\" data-element_type=\"container\" data-settings=\"{&quot;background_background&quot;:&quot;classic&quot;}\">\n\t\t\t\t<div class=\"elementor-element elementor-element-a8cf630 elementor-widget__width-initial elementor-widget elementor-widget-image\" data-id=\"a8cf630\" data-element_type=\"widget\" data-widget_type=\"image.default\">\n\t\t\t\t\t\t\t\t\t\t\t\t\t\t\t<img decoding=\"async\" width=\"724\" height=\"1024\" src=\"https:\/\/10stegmotaterhamtning.carolinajohansson.se\/wp-content\/uploads\/2025\/09\/10steg-724x1024.jpg\" class=\"attachment-large size-large wp-image-30\" alt=\"\" srcset=\"https:\/\/10stegmotaterhamtning.carolinajohansson.se\/wp-content\/uploads\/2025\/09\/10steg-724x1024.jpg 724w, https:\/\/10stegmotaterhamtning.carolinajohansson.se\/wp-content\/uploads\/2025\/09\/10steg-212x300.jpg 212w, https:\/\/10stegmotaterhamtning.carolinajohansson.se\/wp-content\/uploads\/2025\/09\/10steg-768x1086.jpg 768w, https:\/\/10stegmotaterhamtning.carolinajohansson.se\/wp-content\/uploads\/2025\/09\/10steg-1086x1536.jpg 1086w, https:\/\/10stegmotaterhamtning.carolinajohansson.se\/wp-content\/uploads\/2025\/09\/10steg.jpg 1414w\" sizes=\"(max-width: 724px) 100vw, 724px\" \/>\t\t\t\t\t\t\t\t\t\t\t\t\t\t\t<\/div>\n\t\t\t\t<\/div>\n\t\t\t\t<\/div>\n\t\t\t\t<\/div>\n\t\t","protected":false},"excerpt":{"rendered":"<p>10 steg mot \u00e5terh\u00e4mtning En gratis e-bok med enkla steg att b\u00f6rja implementera redan nu<\/p>\n","protected":false},"author":1,"featured_media":0,"parent":0,"menu_order":0,"comment_status":"closed","ping_status":"closed","template":"elementor_canvas","meta":{"footnotes":""},"class_list":["post-31","page","type-page","status-publish","hentry"],"_links":{"self":[{"href":"https:\/\/10stegmotaterhamtning.carolinajohansson.se\/index.php?rest_route=\/wp\/v2\/pages\/31","targetHints":{"allow":["GET"]}}],"collection":[{"href":"https:\/\/10stegmotaterhamtning.carolinajohansson.se\/index.php?rest_route=\/wp\/v2\/pages"}],"about":[{"href":"https:\/\/10stegmotaterhamtning.carolinajohansson.se\/index.php?rest_route=\/wp\/v2\/types\/page"}],"author":[{"embeddable":true,"href":"https:\/\/10stegmotaterhamtning.carolinajohansson.se\/index.php?rest_route=\/wp\/v2\/users\/1"}],"replies":[{"embeddable":true,"href":"https:\/\/10stegmotaterhamtning.carolinajohansson.se\/index.php?rest_route=%2Fwp%2Fv2%2Fcomments&post=31"}],"version-history":[{"count":25,"href":"https:\/\/10stegmotaterhamtning.carolinajohansson.se\/index.php?rest_route=\/wp\/v2\/pages\/31\/revisions"}],"predecessor-version":[{"id":64,"href":"https:\/\/10stegmotaterhamtning.carolinajohansson.se\/index.php?rest_route=\/wp\/v2\/pages\/31\/revisions\/64"}],"wp:attachment":[{"href":"https:\/\/10stegmotaterhamtning.carolinajohansson.se\/index.php?rest_route=%2Fwp%2Fv2%2Fmedia&parent=31"}],"curies":[{"name":"wp","href":"https:\/\/api.w.org\/{rel}","templated":true}]}}